{"id":200,"date":"2024-02-02T22:47:46","date_gmt":"2024-02-02T22:47:46","guid":{"rendered":"https:\/\/uusi.hydepakki.fi\/?page_id=200"},"modified":"2024-05-12T17:30:43","modified_gmt":"2024-05-12T17:30:43","slug":"varusteet","status":"publish","type":"page","link":"https:\/\/uusi.hydepakki.fi\/en\/varusteet\/","title":{"rendered":"Equipment"},"content":{"rendered":"<p>Teepakki rents hiking equipment to Teepakki and Hyde members for hiking use. Loaning equipment is free of charge when they are used in events of Teepakki or Hyde. During large events of Teepakki and Hyde, e.g. Autumn Hike or Midsummer Paddling, participants of such events are prioritized in equipment needs.<\/p>\n\n\n\n<ol class=\"wp-block-list\">\n<li>Send an email to the storage manager <strong><a href=\"mailto:storage@hydepakki.fi\">storage@hydepakki.fi<\/a><\/strong><br>In the message, write:<br>- What equipment do you need?<br>- When and how long do you need the equipment?<\/li>\n\n\n\n<li>Agree a time with the storage manager, when you will come pick up the equipment from Teepakki storage in Otaniemi.<\/li>\n\n\n\n<li>Pay the rental fee according to the payment instructions below. You also need to pay the membership fee to Teepakki or Hyde if you are not a member currently. <strong>Loaning equipment is free in Hydepakki events<\/strong>.<\/li>\n\n\n\n<li>Arrive at the storage on time. The storage manager will give you the address and wait for you at the door. Show the payment receipt.<\/li>\n\n\n\n<li>Agree a time for returning the equipment and listen carefully to equipment maintenance instructions. Dry and maintain the equipment according to instructions after your hike.<\/li>\n\n\n\n<li>Enjoy the nature!<\/li>\n<\/ol>\n\n\n\n<div style=\"height:32px\" aria-hidden=\"true\" class=\"wp-block-spacer\"><\/div>\n\n\n\n<div class=\"wp-block-group alignwide has-global-padding is-layout-constrained wp-block-group-is-layout-constrained\">\n<h4 class=\"wp-block-heading\">Rental prices of Teepakki equipment in euros<\/h4>\n\n\n\n<figure class=\"wp-block-table alignwide is-style-stripes\" style=\"padding-top:var(--wp--preset--spacing--10);padding-bottom:var(--wp--preset--spacing--10)\"><table><thead><tr><th class=\"has-text-align-center\" data-align=\"center\">Product<\/th><th class=\"has-text-align-center\" data-align=\"center\">0-6 days<\/th><th class=\"has-text-align-center\" data-align=\"center\">7-14 days<\/th><\/tr><\/thead><tbody><tr><td class=\"has-text-align-center\" data-align=\"center\">Tent<\/td><td class=\"has-text-align-center\" data-align=\"center\">20<\/td><td class=\"has-text-align-center\" data-align=\"center\">25<\/td><\/tr><tr><td class=\"has-text-align-center\" data-align=\"center\">Tarp<\/td><td class=\"has-text-align-center\" data-align=\"center\">10<\/td><td class=\"has-text-align-center\" data-align=\"center\">15<\/td><\/tr><tr><td class=\"has-text-align-center\" data-align=\"center\">Backpack<\/td><td class=\"has-text-align-center\" data-align=\"center\">10<\/td><td class=\"has-text-align-center\" data-align=\"center\">15<\/td><\/tr><tr><td class=\"has-text-align-center\" data-align=\"center\">Sleeping bag<\/td><td class=\"has-text-align-center\" data-align=\"center\">10<\/td><td class=\"has-text-align-center\" data-align=\"center\">15<\/td><\/tr><tr><td class=\"has-text-align-center\" data-align=\"center\">Sleeping pad (foam)<\/td><td class=\"has-text-align-center\" data-align=\"center\">5<\/td><td class=\"has-text-align-center\" data-align=\"center\">7<\/td><\/tr><tr><td class=\"has-text-align-center\" data-align=\"center\">Snow shoes<\/td><td class=\"has-text-align-center\" data-align=\"center\">10<\/td><td class=\"has-text-align-center\" data-align=\"center\">15<\/td><\/tr><tr><td class=\"has-text-align-center\" data-align=\"center\">Backcountry skis<\/td><td class=\"has-text-align-center\" data-align=\"center\">10<\/td><td class=\"has-text-align-center\" data-align=\"center\">15<\/td><\/tr><tr><td class=\"has-text-align-center\" data-align=\"center\">Skiing poles<\/td><td class=\"has-text-align-center\" data-align=\"center\">5<\/td><td class=\"has-text-align-center\" data-align=\"center\">7<\/td><\/tr><tr><td class=\"has-text-align-center\" data-align=\"center\">Trangia (+5\u20ac\/230g gas)<sup data-fn=\"70073585-2059-4f5c-abda-f4efd21043b5\" class=\"fn\"><a href=\"#70073585-2059-4f5c-abda-f4efd21043b5\" id=\"70073585-2059-4f5c-abda-f4efd21043b5-link\">1<\/a><\/sup><\/td><td class=\"has-text-align-center\" data-align=\"center\">7<\/td><td class=\"has-text-align-center\" data-align=\"center\">10<\/td><\/tr><tr><td class=\"has-text-align-center\" data-align=\"center\">Igloo mold<\/td><td class=\"has-text-align-center\" data-align=\"center\">10<\/td><td class=\"has-text-align-center\" data-align=\"center\">15<\/td><\/tr><tr><td class=\"has-text-align-center\" data-align=\"center\">Axe<\/td><td class=\"has-text-align-center\" data-align=\"center\">5<\/td><td class=\"has-text-align-center\" data-align=\"center\">7<\/td><\/tr><tr><td class=\"has-text-align-center\" data-align=\"center\">Snow shovel<\/td><td class=\"has-text-align-center\" data-align=\"center\">5<\/td><td class=\"has-text-align-center\" data-align=\"center\">7<\/td><\/tr><\/tbody><\/table><figcaption class=\"wp-element-caption\">Table prices are for the whole loan duration, = the total price<\/figcaption><\/figure>\n\n\n<ol class=\"wp-block-footnotes\"><li id=\"70073585-2059-4f5c-abda-f4efd21043b5\">230 g of gas usually lasts around three days for two people <a href=\"#70073585-2059-4f5c-abda-f4efd21043b5-link\" aria-label=\"Jump to footnote reference 1\">\u21a9\ufe0e<\/a><\/li><\/ol><\/div>\n\n\n\n<div style=\"height:50px\" aria-hidden=\"true\" class=\"wp-block-spacer\"><\/div>\n\n\n\n<h3 class=\"wp-block-heading\">Payment instructions<\/h3>\n\n\n\n<p>Pay the rental fee to Teepakki bank account according to these instructions:<\/p>\n\n\n\n<p>Account number: <strong>\u00a0FI31 6601 0003 2436 64<\/strong><br>BIC: <strong>AABAFI22<\/strong><br>In the message field, specify the equipment to be rented and loan time. <br>Example message:<strong> &#8220;Teltta + makuupussi 23.6.-25.6.&#8221;<\/strong><\/p>\n\n\n\n<div style=\"height:100px\" aria-hidden=\"true\" class=\"wp-block-spacer\"><\/div>","protected":false},"excerpt":{"rendered":"<p>Teepakki vuokraa retkeilyvarusteita Teepakin ja Helsingin yliopiston partiolaisten (HYDE) j\u00e4senille retkeilyk\u00e4ytt\u00f6\u00f6n. Varusteiden lainaus on maksutonta kun niit\u00e4 k\u00e4ytet\u00e4\u00e4n Teepakin omilla tai Teepakin ja HYDEn yhteisill\u00e4 retkill\u00e4. Teepakin ja HYDEn suurten retkeilytapahtumien (esim. P\u00e4\u00e4si\u00e4isvaellus ja Juhannusmelonta) aikaan varusteet lainataan ensisijaisesti n\u00e4ihin tapahtumiin osallistuville. Teepakin varusteiden vuokrahinnat euroissa Tuote 0-6 p\u00e4iv\u00e4\u00e4 7-14 p\u00e4iv\u00e4\u00e4 Teltta 20 25 Laavu [&hellip;]<\/p>","protected":false},"author":1,"featured_media":195,"parent":0,"menu_order":0,"comment_status":"closed","ping_status":"closed","template":"wp-custom-template-equipment","meta":{"footnotes":"[{\"content\":\"230 g kaasua riitt\u00e4\u00e4 yleens\u00e4 noin kolmeksi vuorokaudeksi kahdelle\",\"id\":\"70073585-2059-4f5c-abda-f4efd21043b5\"}]"},"class_list":["post-200","page","type-page","status-publish","has-post-thumbnail","hentry"],"yoast_head":"<!-- This site is optimized with the Yoast SEO plugin v22.6 - https:\/\/yoast.com\/wordpress\/plugins\/seo\/ -->\n<title>Varusteet - Hydepakki<\/title>\n<meta name=\"robots\" content=\"noindex, follow, max-snippet:-1, max-image-preview:large, max-video-preview:-1\" \/>\n<meta property=\"og:locale\" content=\"en_GB\" \/>\n<meta property=\"og:type\" content=\"article\" \/>\n<meta property=\"og:title\" content=\"Varusteet - Hydepakki\" \/>\n<meta property=\"og:description\" content=\"Teepakki vuokraa retkeilyvarusteita Teepakin ja Helsingin yliopiston partiolaisten (HYDE) j\u00e4senille retkeilyk\u00e4ytt\u00f6\u00f6n. Varusteiden lainaus on maksutonta kun niit\u00e4 k\u00e4ytet\u00e4\u00e4n Teepakin omilla tai Teepakin ja HYDEn yhteisill\u00e4 retkill\u00e4. Teepakin ja HYDEn suurten retkeilytapahtumien (esim. P\u00e4\u00e4si\u00e4isvaellus ja Juhannusmelonta) aikaan varusteet lainataan ensisijaisesti n\u00e4ihin tapahtumiin osallistuville. Teepakin varusteiden vuokrahinnat euroissa Tuote 0-6 p\u00e4iv\u00e4\u00e4 7-14 p\u00e4iv\u00e4\u00e4 Teltta 20 25 Laavu [&hellip;]\" \/>\n<meta property=\"og:url\" content=\"https:\/\/uusi.hydepakki.fi\/en\/varusteet\/\" \/>\n<meta property=\"og:site_name\" content=\"Hydepakki\" \/>\n<meta property=\"article:modified_time\" content=\"2024-05-12T17:30:43+00:00\" \/>\n<meta property=\"og:image\" content=\"https:\/\/uusi.hydepakki.fi\/wp-content\/uploads\/2024\/02\/IMG_0306-scaled.jpg\" \/>\n\t<meta property=\"og:image:width\" content=\"2560\" \/>\n\t<meta property=\"og:image:height\" content=\"1707\" \/>\n\t<meta property=\"og:image:type\" content=\"image\/jpeg\" \/>\n<meta name=\"twitter:card\" content=\"summary_large_image\" \/>\n<meta name=\"twitter:label1\" content=\"Est. reading time\" \/>\n\t<meta name=\"twitter:data1\" content=\"2 minutes\" \/>\n<script type=\"application\/ld+json\" class=\"yoast-schema-graph\">{\"@context\":\"https:\/\/schema.org\",\"@graph\":[{\"@type\":\"WebPage\",\"@id\":\"https:\/\/uusi.hydepakki.fi\/varusteet\/\",\"url\":\"https:\/\/uusi.hydepakki.fi\/varusteet\/\",\"name\":\"Varusteet - Hydepakki\",\"isPartOf\":{\"@id\":\"https:\/\/uusi.hydepakki.fi\/#website\"},\"primaryImageOfPage\":{\"@id\":\"https:\/\/uusi.hydepakki.fi\/varusteet\/#primaryimage\"},\"image\":{\"@id\":\"https:\/\/uusi.hydepakki.fi\/varusteet\/#primaryimage\"},\"thumbnailUrl\":\"https:\/\/uusi.hydepakki.fi\/wp-content\/uploads\/2024\/02\/IMG_0306-scaled.jpg\",\"datePublished\":\"2024-02-02T22:47:46+00:00\",\"dateModified\":\"2024-05-12T17:30:43+00:00\",\"breadcrumb\":{\"@id\":\"https:\/\/uusi.hydepakki.fi\/varusteet\/#breadcrumb\"},\"inLanguage\":\"en-GB\",\"potentialAction\":[{\"@type\":\"ReadAction\",\"target\":[\"https:\/\/uusi.hydepakki.fi\/varusteet\/\"]}]},{\"@type\":\"ImageObject\",\"inLanguage\":\"en-GB\",\"@id\":\"https:\/\/uusi.hydepakki.fi\/varusteet\/#primaryimage\",\"url\":\"https:\/\/uusi.hydepakki.fi\/wp-content\/uploads\/2024\/02\/IMG_0306-scaled.jpg\",\"contentUrl\":\"https:\/\/uusi.hydepakki.fi\/wp-content\/uploads\/2024\/02\/IMG_0306-scaled.jpg\",\"width\":2560,\"height\":1707},{\"@type\":\"BreadcrumbList\",\"@id\":\"https:\/\/uusi.hydepakki.fi\/varusteet\/#breadcrumb\",\"itemListElement\":[{\"@type\":\"ListItem\",\"position\":1,\"name\":\"Home\",\"item\":\"https:\/\/uusi.hydepakki.fi\/\"},{\"@type\":\"ListItem\",\"position\":2,\"name\":\"Varusteet\"}]},{\"@type\":\"WebSite\",\"@id\":\"https:\/\/uusi.hydepakki.fi\/#website\",\"url\":\"https:\/\/uusi.hydepakki.fi\/\",\"name\":\"Hydepakki\",\"description\":\"Hupia joka s\u00e4\u00e4ss\u00e4\",\"publisher\":{\"@id\":\"https:\/\/uusi.hydepakki.fi\/#organization\"},\"potentialAction\":[{\"@type\":\"SearchAction\",\"target\":{\"@type\":\"EntryPoint\",\"urlTemplate\":\"https:\/\/uusi.hydepakki.fi\/?s={search_term_string}\"},\"query-input\":\"required name=search_term_string\"}],\"inLanguage\":\"en-GB\"},{\"@type\":\"Organization\",\"@id\":\"https:\/\/uusi.hydepakki.fi\/#organization\",\"name\":\"Hydepakki\",\"url\":\"https:\/\/uusi.hydepakki.fi\/\",\"logo\":{\"@type\":\"ImageObject\",\"inLanguage\":\"en-GB\",\"@id\":\"https:\/\/uusi.hydepakki.fi\/#\/schema\/logo\/image\/\",\"url\":\"https:\/\/uusi.hydepakki.fi\/wp-content\/uploads\/2023\/11\/hydepakki_vari.png\",\"contentUrl\":\"https:\/\/uusi.hydepakki.fi\/wp-content\/uploads\/2023\/11\/hydepakki_vari.png\",\"width\":953,\"height\":207,\"caption\":\"Hydepakki\"},\"image\":{\"@id\":\"https:\/\/uusi.hydepakki.fi\/#\/schema\/logo\/image\/\"}}]}<\/script>\n<!-- \/ Yoast SEO plugin. -->","yoast_head_json":{"title":"Varusteet - Hydepakki","robots":{"index":"noindex","follow":"follow","max-snippet":"max-snippet:-1","max-image-preview":"max-image-preview:large","max-video-preview":"max-video-preview:-1"},"og_locale":"en_GB","og_type":"article","og_title":"Varusteet - Hydepakki","og_description":"Teepakki vuokraa retkeilyvarusteita Teepakin ja Helsingin yliopiston partiolaisten (HYDE) j\u00e4senille retkeilyk\u00e4ytt\u00f6\u00f6n. Varusteiden lainaus on maksutonta kun niit\u00e4 k\u00e4ytet\u00e4\u00e4n Teepakin omilla tai Teepakin ja HYDEn yhteisill\u00e4 retkill\u00e4. Teepakin ja HYDEn suurten retkeilytapahtumien (esim. P\u00e4\u00e4si\u00e4isvaellus ja Juhannusmelonta) aikaan varusteet lainataan ensisijaisesti n\u00e4ihin tapahtumiin osallistuville. Teepakin varusteiden vuokrahinnat euroissa Tuote 0-6 p\u00e4iv\u00e4\u00e4 7-14 p\u00e4iv\u00e4\u00e4 Teltta 20 25 Laavu [&hellip;]","og_url":"https:\/\/uusi.hydepakki.fi\/en\/varusteet\/","og_site_name":"Hydepakki","article_modified_time":"2024-05-12T17:30:43+00:00","og_image":[{"width":2560,"height":1707,"url":"https:\/\/uusi.hydepakki.fi\/wp-content\/uploads\/2024\/02\/IMG_0306-scaled.jpg","type":"image\/jpeg"}],"twitter_card":"summary_large_image","twitter_misc":{"Est. reading time":"2 minutes"},"schema":{"@context":"https:\/\/schema.org","@graph":[{"@type":"WebPage","@id":"https:\/\/uusi.hydepakki.fi\/varusteet\/","url":"https:\/\/uusi.hydepakki.fi\/varusteet\/","name":"Varusteet - Hydepakki","isPartOf":{"@id":"https:\/\/uusi.hydepakki.fi\/#website"},"primaryImageOfPage":{"@id":"https:\/\/uusi.hydepakki.fi\/varusteet\/#primaryimage"},"image":{"@id":"https:\/\/uusi.hydepakki.fi\/varusteet\/#primaryimage"},"thumbnailUrl":"https:\/\/uusi.hydepakki.fi\/wp-content\/uploads\/2024\/02\/IMG_0306-scaled.jpg","datePublished":"2024-02-02T22:47:46+00:00","dateModified":"2024-05-12T17:30:43+00:00","breadcrumb":{"@id":"https:\/\/uusi.hydepakki.fi\/varusteet\/#breadcrumb"},"inLanguage":"en-GB","potentialAction":[{"@type":"ReadAction","target":["https:\/\/uusi.hydepakki.fi\/varusteet\/"]}]},{"@type":"ImageObject","inLanguage":"en-GB","@id":"https:\/\/uusi.hydepakki.fi\/varusteet\/#primaryimage","url":"https:\/\/uusi.hydepakki.fi\/wp-content\/uploads\/2024\/02\/IMG_0306-scaled.jpg","contentUrl":"https:\/\/uusi.hydepakki.fi\/wp-content\/uploads\/2024\/02\/IMG_0306-scaled.jpg","width":2560,"height":1707},{"@type":"BreadcrumbList","@id":"https:\/\/uusi.hydepakki.fi\/varusteet\/#breadcrumb","itemListElement":[{"@type":"ListItem","position":1,"name":"Home","item":"https:\/\/uusi.hydepakki.fi\/"},{"@type":"ListItem","position":2,"name":"Varusteet"}]},{"@type":"WebSite","@id":"https:\/\/uusi.hydepakki.fi\/#website","url":"https:\/\/uusi.hydepakki.fi\/","name":"Hydepakki","description":"Fun in any weather","publisher":{"@id":"https:\/\/uusi.hydepakki.fi\/#organization"},"potentialAction":[{"@type":"SearchAction","target":{"@type":"EntryPoint","urlTemplate":"https:\/\/uusi.hydepakki.fi\/?s={search_term_string}"},"query-input":"required name=search_term_string"}],"inLanguage":"en-GB"},{"@type":"Organization","@id":"https:\/\/uusi.hydepakki.fi\/#organization","name":"Hydepakki","url":"https:\/\/uusi.hydepakki.fi\/","logo":{"@type":"ImageObject","inLanguage":"en-GB","@id":"https:\/\/uusi.hydepakki.fi\/#\/schema\/logo\/image\/","url":"https:\/\/uusi.hydepakki.fi\/wp-content\/uploads\/2023\/11\/hydepakki_vari.png","contentUrl":"https:\/\/uusi.hydepakki.fi\/wp-content\/uploads\/2023\/11\/hydepakki_vari.png","width":953,"height":207,"caption":"Hydepakki"},"image":{"@id":"https:\/\/uusi.hydepakki.fi\/#\/schema\/logo\/image\/"}}]}},"_links":{"self":[{"href":"https:\/\/uusi.hydepakki.fi\/en\/wp-json\/wp\/v2\/pages\/200","targetHints":{"allow":["GET"]}}],"collection":[{"href":"https:\/\/uusi.hydepakki.fi\/en\/wp-json\/wp\/v2\/pages"}],"about":[{"href":"https:\/\/uusi.hydepakki.fi\/en\/wp-json\/wp\/v2\/types\/page"}],"author":[{"embeddable":true,"href":"https:\/\/uusi.hydepakki.fi\/en\/wp-json\/wp\/v2\/users\/1"}],"replies":[{"embeddable":true,"href":"https:\/\/uusi.hydepakki.fi\/en\/wp-json\/wp\/v2\/comments?post=200"}],"version-history":[{"count":6,"href":"https:\/\/uusi.hydepakki.fi\/en\/wp-json\/wp\/v2\/pages\/200\/revisions"}],"predecessor-version":[{"id":278,"href":"https:\/\/uusi.hydepakki.fi\/en\/wp-json\/wp\/v2\/pages\/200\/revisions\/278"}],"wp:featuredmedia":[{"embeddable":true,"href":"https:\/\/uusi.hydepakki.fi\/en\/wp-json\/wp\/v2\/media\/195"}],"wp:attachment":[{"href":"https:\/\/uusi.hydepakki.fi\/en\/wp-json\/wp\/v2\/media?parent=200"}],"curies":[{"name":"wp","href":"https:\/\/api.w.org\/{rel}","templated":true}]}}