{"id":2,"date":"2023-11-25T19:33:56","date_gmt":"2023-11-25T19:33:56","guid":{"rendered":"https:\/\/uusi.hydepakki.fi\/?page_id=2"},"modified":"2024-05-11T19:08:25","modified_gmt":"2024-05-11T19:08:25","slug":"yhteystiedot","status":"publish","type":"page","link":"https:\/\/uusi.hydepakki.fi\/en\/yhteystiedot\/","title":{"rendered":"Contact and join"},"content":{"rendered":"<p>Become a member by paying the membership fee of 7\u20ac to Hyde or Teepakki bank account. Membership fee is payed annually. For new members, a fee payed in September or later covers also the following year.<\/p>\n\n\n\n<blockquote class=\"wp-block-quote is-layout-flow wp-block-quote-is-layout-flow\">\n<p>Members may participate in overnight trips and rent equipment from Teepakki<\/p>\n<\/blockquote>\n\n\n\n<p><strong>Teepakki (Polyteknikkojen partioklubi Teepakki ry)<\/strong><\/p>\n\n\n\n<p>Aalto University students and other Teepakki-minded can join Teepakki <\/p>\n\n\n\n<p>Become a member by filling&nbsp;<a href=\"https:\/\/forms.gle\/jmNRWYJWDK6GLzZ59\">the membership form<\/a>&nbsp;and paying 7 euros to Teepakki's account\u00a0FI31 6601 0003 2436 64 (BIC AABAFI22). <\/p>\n\n\n\n<p>The information on the form is collected to comply with Finnish association law and AYY association guidelines and will not be used for marketing purposes. The membership form must be filled annually when paying the membership fee to activate your membership.<\/p>\n\n\n\n<hr class=\"wp-block-separator has-alpha-channel-opacity\"\/>\n\n\n\n<p><strong>Hyde (Helsingin yliopiston partiolaiset ry)<\/strong><\/p>\n\n\n\n<p>University of Helsinki students and other Hyde-minded can join Hyde. <\/p>\n\n\n\n<p>Pay 7 euros to Hyde\u2019s account FI52 1572 3006 1040 46 (BIC NDEAFIHH). Give the payment the following message: \u201cMembership fee + (Full name) + (Municipality of residence) + I am \/ am not a member of HYY + (Student number if you\u2019re a member of HYY)\u201d. The details above are collected based on the member list requirements in Finnish association law and the rules of HYY.<\/p>","protected":false},"excerpt":{"rendered":"<p>Liity j\u00e4seneksi maksamalla j\u00e4senmaksu 7\u20ac joko Hyden tai Teepakin tilille. J\u00e4senmaksu maksetaan kalenterivuosittain. Uusille j\u00e4senille syyskuussa tai my\u00f6hemmin maksetut maksut kattavat my\u00f6s seuraavan vuoden j\u00e4senyyden. J\u00e4senen\u00e4 voit osallistua Teepakin ja Hyden y\u00f6n yli kest\u00e4ville retkille ja vuokrata varusteita Teepakilta Teepakki (Polyteknikkojen partioklubi Teepakki ry) Teepakin j\u00e4seneksi voivat liitty\u00e4 kaikki Aalto-yliopiston opiskelijat ja muut teepakkimieliset. Liity [&hellip;]<\/p>","protected":false},"author":1,"featured_media":23,"parent":0,"menu_order":0,"comment_status":"closed","ping_status":"closed","template":"wp-custom-template-page-with-multiple-sections","meta":{"footnotes":""},"class_list":["post-2","page","type-page","status-publish","has-post-thumbnail","hentry"],"yoast_head":"<!-- This site is optimized with the Yoast SEO plugin v22.6 - https:\/\/yoast.com\/wordpress\/plugins\/seo\/ -->\n<title>Yhteystiedot ja j\u00e4senyys - Hydepakki<\/title>\n<meta name=\"robots\" content=\"noindex, follow, max-snippet:-1, max-image-preview:large, max-video-preview:-1\" \/>\n<meta property=\"og:locale\" content=\"en_GB\" \/>\n<meta property=\"og:type\" content=\"article\" \/>\n<meta property=\"og:title\" content=\"Yhteystiedot ja j\u00e4senyys - Hydepakki\" \/>\n<meta property=\"og:description\" content=\"Liity j\u00e4seneksi maksamalla j\u00e4senmaksu 7\u20ac joko Hyden tai Teepakin tilille. J\u00e4senmaksu maksetaan kalenterivuosittain. Uusille j\u00e4senille syyskuussa tai my\u00f6hemmin maksetut maksut kattavat my\u00f6s seuraavan vuoden j\u00e4senyyden. J\u00e4senen\u00e4 voit osallistua Teepakin ja Hyden y\u00f6n yli kest\u00e4ville retkille ja vuokrata varusteita Teepakilta Teepakki (Polyteknikkojen partioklubi Teepakki ry) Teepakin j\u00e4seneksi voivat liitty\u00e4 kaikki Aalto-yliopiston opiskelijat ja muut teepakkimieliset. Liity [&hellip;]\" \/>\n<meta property=\"og:url\" content=\"https:\/\/uusi.hydepakki.fi\/en\/yhteystiedot\/\" \/>\n<meta property=\"og:site_name\" content=\"Hydepakki\" \/>\n<meta property=\"article:modified_time\" content=\"2024-05-11T19:08:25+00:00\" \/>\n<meta property=\"og:image\" content=\"https:\/\/uusi.hydepakki.fi\/wp-content\/uploads\/2023\/11\/IMG_0038-scaled.jpg\" \/>\n\t<meta property=\"og:image:width\" content=\"2560\" \/>\n\t<meta property=\"og:image:height\" content=\"1707\" \/>\n\t<meta property=\"og:image:type\" content=\"image\/jpeg\" \/>\n<meta name=\"twitter:card\" content=\"summary_large_image\" \/>\n<meta name=\"twitter:label1\" content=\"Est. reading time\" \/>\n\t<meta name=\"twitter:data1\" content=\"1 minute\" \/>\n<script type=\"application\/ld+json\" class=\"yoast-schema-graph\">{\"@context\":\"https:\/\/schema.org\",\"@graph\":[{\"@type\":\"WebPage\",\"@id\":\"https:\/\/uusi.hydepakki.fi\/yhteystiedot\/\",\"url\":\"https:\/\/uusi.hydepakki.fi\/yhteystiedot\/\",\"name\":\"Yhteystiedot ja j\u00e4senyys - Hydepakki\",\"isPartOf\":{\"@id\":\"https:\/\/uusi.hydepakki.fi\/#website\"},\"primaryImageOfPage\":{\"@id\":\"https:\/\/uusi.hydepakki.fi\/yhteystiedot\/#primaryimage\"},\"image\":{\"@id\":\"https:\/\/uusi.hydepakki.fi\/yhteystiedot\/#primaryimage\"},\"thumbnailUrl\":\"https:\/\/uusi.hydepakki.fi\/wp-content\/uploads\/2023\/11\/IMG_0038-scaled.jpg\",\"datePublished\":\"2023-11-25T19:33:56+00:00\",\"dateModified\":\"2024-05-11T19:08:25+00:00\",\"breadcrumb\":{\"@id\":\"https:\/\/uusi.hydepakki.fi\/yhteystiedot\/#breadcrumb\"},\"inLanguage\":\"en-GB\",\"potentialAction\":[{\"@type\":\"ReadAction\",\"target\":[\"https:\/\/uusi.hydepakki.fi\/yhteystiedot\/\"]}]},{\"@type\":\"ImageObject\",\"inLanguage\":\"en-GB\",\"@id\":\"https:\/\/uusi.hydepakki.fi\/yhteystiedot\/#primaryimage\",\"url\":\"https:\/\/uusi.hydepakki.fi\/wp-content\/uploads\/2023\/11\/IMG_0038-scaled.jpg\",\"contentUrl\":\"https:\/\/uusi.hydepakki.fi\/wp-content\/uploads\/2023\/11\/IMG_0038-scaled.jpg\",\"width\":2560,\"height\":1707,\"caption\":\"Kaisloja talvella\"},{\"@type\":\"BreadcrumbList\",\"@id\":\"https:\/\/uusi.hydepakki.fi\/yhteystiedot\/#breadcrumb\",\"itemListElement\":[{\"@type\":\"ListItem\",\"position\":1,\"name\":\"Home\",\"item\":\"https:\/\/uusi.hydepakki.fi\/\"},{\"@type\":\"ListItem\",\"position\":2,\"name\":\"Yhteystiedot ja j\u00e4senyys\"}]},{\"@type\":\"WebSite\",\"@id\":\"https:\/\/uusi.hydepakki.fi\/#website\",\"url\":\"https:\/\/uusi.hydepakki.fi\/\",\"name\":\"Hydepakki\",\"description\":\"Hupia joka s\u00e4\u00e4ss\u00e4\",\"publisher\":{\"@id\":\"https:\/\/uusi.hydepakki.fi\/#organization\"},\"potentialAction\":[{\"@type\":\"SearchAction\",\"target\":{\"@type\":\"EntryPoint\",\"urlTemplate\":\"https:\/\/uusi.hydepakki.fi\/?s={search_term_string}\"},\"query-input\":\"required name=search_term_string\"}],\"inLanguage\":\"en-GB\"},{\"@type\":\"Organization\",\"@id\":\"https:\/\/uusi.hydepakki.fi\/#organization\",\"name\":\"Hydepakki\",\"url\":\"https:\/\/uusi.hydepakki.fi\/\",\"logo\":{\"@type\":\"ImageObject\",\"inLanguage\":\"en-GB\",\"@id\":\"https:\/\/uusi.hydepakki.fi\/#\/schema\/logo\/image\/\",\"url\":\"https:\/\/uusi.hydepakki.fi\/wp-content\/uploads\/2023\/11\/hydepakki_vari.png\",\"contentUrl\":\"https:\/\/uusi.hydepakki.fi\/wp-content\/uploads\/2023\/11\/hydepakki_vari.png\",\"width\":953,\"height\":207,\"caption\":\"Hydepakki\"},\"image\":{\"@id\":\"https:\/\/uusi.hydepakki.fi\/#\/schema\/logo\/image\/\"}}]}<\/script>\n<!-- \/ Yoast SEO plugin. -->","yoast_head_json":{"title":"Yhteystiedot ja j\u00e4senyys - Hydepakki","robots":{"index":"noindex","follow":"follow","max-snippet":"max-snippet:-1","max-image-preview":"max-image-preview:large","max-video-preview":"max-video-preview:-1"},"og_locale":"en_GB","og_type":"article","og_title":"Yhteystiedot ja j\u00e4senyys - Hydepakki","og_description":"Liity j\u00e4seneksi maksamalla j\u00e4senmaksu 7\u20ac joko Hyden tai Teepakin tilille. J\u00e4senmaksu maksetaan kalenterivuosittain. Uusille j\u00e4senille syyskuussa tai my\u00f6hemmin maksetut maksut kattavat my\u00f6s seuraavan vuoden j\u00e4senyyden. J\u00e4senen\u00e4 voit osallistua Teepakin ja Hyden y\u00f6n yli kest\u00e4ville retkille ja vuokrata varusteita Teepakilta Teepakki (Polyteknikkojen partioklubi Teepakki ry) Teepakin j\u00e4seneksi voivat liitty\u00e4 kaikki Aalto-yliopiston opiskelijat ja muut teepakkimieliset. Liity [&hellip;]","og_url":"https:\/\/uusi.hydepakki.fi\/en\/yhteystiedot\/","og_site_name":"Hydepakki","article_modified_time":"2024-05-11T19:08:25+00:00","og_image":[{"width":2560,"height":1707,"url":"https:\/\/uusi.hydepakki.fi\/wp-content\/uploads\/2023\/11\/IMG_0038-scaled.jpg","type":"image\/jpeg"}],"twitter_card":"summary_large_image","twitter_misc":{"Est. reading time":"1 minute"},"schema":{"@context":"https:\/\/schema.org","@graph":[{"@type":"WebPage","@id":"https:\/\/uusi.hydepakki.fi\/yhteystiedot\/","url":"https:\/\/uusi.hydepakki.fi\/yhteystiedot\/","name":"Yhteystiedot ja j\u00e4senyys - Hydepakki","isPartOf":{"@id":"https:\/\/uusi.hydepakki.fi\/#website"},"primaryImageOfPage":{"@id":"https:\/\/uusi.hydepakki.fi\/yhteystiedot\/#primaryimage"},"image":{"@id":"https:\/\/uusi.hydepakki.fi\/yhteystiedot\/#primaryimage"},"thumbnailUrl":"https:\/\/uusi.hydepakki.fi\/wp-content\/uploads\/2023\/11\/IMG_0038-scaled.jpg","datePublished":"2023-11-25T19:33:56+00:00","dateModified":"2024-05-11T19:08:25+00:00","breadcrumb":{"@id":"https:\/\/uusi.hydepakki.fi\/yhteystiedot\/#breadcrumb"},"inLanguage":"en-GB","potentialAction":[{"@type":"ReadAction","target":["https:\/\/uusi.hydepakki.fi\/yhteystiedot\/"]}]},{"@type":"ImageObject","inLanguage":"en-GB","@id":"https:\/\/uusi.hydepakki.fi\/yhteystiedot\/#primaryimage","url":"https:\/\/uusi.hydepakki.fi\/wp-content\/uploads\/2023\/11\/IMG_0038-scaled.jpg","contentUrl":"https:\/\/uusi.hydepakki.fi\/wp-content\/uploads\/2023\/11\/IMG_0038-scaled.jpg","width":2560,"height":1707,"caption":"Kaisloja talvella"},{"@type":"BreadcrumbList","@id":"https:\/\/uusi.hydepakki.fi\/yhteystiedot\/#breadcrumb","itemListElement":[{"@type":"ListItem","position":1,"name":"Home","item":"https:\/\/uusi.hydepakki.fi\/"},{"@type":"ListItem","position":2,"name":"Yhteystiedot ja j\u00e4senyys"}]},{"@type":"WebSite","@id":"https:\/\/uusi.hydepakki.fi\/#website","url":"https:\/\/uusi.hydepakki.fi\/","name":"Hydepakki","description":"Fun in any weather","publisher":{"@id":"https:\/\/uusi.hydepakki.fi\/#organization"},"potentialAction":[{"@type":"SearchAction","target":{"@type":"EntryPoint","urlTemplate":"https:\/\/uusi.hydepakki.fi\/?s={search_term_string}"},"query-input":"required name=search_term_string"}],"inLanguage":"en-GB"},{"@type":"Organization","@id":"https:\/\/uusi.hydepakki.fi\/#organization","name":"Hydepakki","url":"https:\/\/uusi.hydepakki.fi\/","logo":{"@type":"ImageObject","inLanguage":"en-GB","@id":"https:\/\/uusi.hydepakki.fi\/#\/schema\/logo\/image\/","url":"https:\/\/uusi.hydepakki.fi\/wp-content\/uploads\/2023\/11\/hydepakki_vari.png","contentUrl":"https:\/\/uusi.hydepakki.fi\/wp-content\/uploads\/2023\/11\/hydepakki_vari.png","width":953,"height":207,"caption":"Hydepakki"},"image":{"@id":"https:\/\/uusi.hydepakki.fi\/#\/schema\/logo\/image\/"}}]}},"_links":{"self":[{"href":"https:\/\/uusi.hydepakki.fi\/en\/wp-json\/wp\/v2\/pages\/2","targetHints":{"allow":["GET"]}}],"collection":[{"href":"https:\/\/uusi.hydepakki.fi\/en\/wp-json\/wp\/v2\/pages"}],"about":[{"href":"https:\/\/uusi.hydepakki.fi\/en\/wp-json\/wp\/v2\/types\/page"}],"author":[{"embeddable":true,"href":"https:\/\/uusi.hydepakki.fi\/en\/wp-json\/wp\/v2\/users\/1"}],"replies":[{"embeddable":true,"href":"https:\/\/uusi.hydepakki.fi\/en\/wp-json\/wp\/v2\/comments?post=2"}],"version-history":[{"count":7,"href":"https:\/\/uusi.hydepakki.fi\/en\/wp-json\/wp\/v2\/pages\/2\/revisions"}],"predecessor-version":[{"id":269,"href":"https:\/\/uusi.hydepakki.fi\/en\/wp-json\/wp\/v2\/pages\/2\/revisions\/269"}],"wp:featuredmedia":[{"embeddable":true,"href":"https:\/\/uusi.hydepakki.fi\/en\/wp-json\/wp\/v2\/media\/23"}],"wp:attachment":[{"href":"https:\/\/uusi.hydepakki.fi\/en\/wp-json\/wp\/v2\/media?parent=2"}],"curies":[{"name":"wp","href":"https:\/\/api.w.org\/{rel}","templated":true}]}}